{"id":652,"date":"2018-10-12T22:31:08","date_gmt":"2018-10-12T20:31:08","guid":{"rendered":"http:\/\/slagalica.nsk.hr\/?page_id=652"},"modified":"2018-11-05T12:45:30","modified_gmt":"2018-11-05T11:45:30","slug":"impressum","status":"publish","type":"page","link":"https:\/\/slagalica.nsk.hr\/en\/impressum\/","title":{"rendered":"Impressum"},"content":{"rendered":"<p>Concept and coordination: Sofija Klarin Zadravec, PhD<br \/>\nDesign and creation of website: Branimir Matija\u010di\u0107 and Filip Lon\u010dar<br \/>\nAssociate: Maja Priselec<\/p>\n<p>We would like to thank to the family Muljevi\u0107 for giving us the permission to publish the text The interpretation of the machines we invented by Vladimir Muljevi\u0107, PhD, in Machinae novae Fausti Verantii Siceni cum declaratione Latina, Italica, Hispanica, Gallica et Germanica, Zagreb : Novi Liber ; \u0160ibenik : Gradska knji\u017enica &#8220;Juraj \u0160i\u017egori\u0107&#8221;, 1993.<\/p>\n<p>\u00a9 National and university library in Zagreb. All rights reserved.<br \/>\nUl. Hrvatske bratske zajednice 4 p.p. 550, 10000 Zagreb. CROATIA<br \/>\nTel. ++ 385 1 616-4111<\/p>\n","protected":false},"excerpt":{"rendered":"<p>Concept and coordination: Sofija Klarin Zadravec, PhD Design and creation of website: Branimir Matija\u010di\u0107 and Filip Lon\u010dar Associate: Maja Priselec [&hellip;]<\/p>\n","protected":false},"author":4,"featured_media":0,"parent":0,"menu_order":0,"comment_status":"closed","ping_status":"closed","template":"","meta":{"ngg_post_thumbnail":0},"acf":[],"_links":{"self":[{"href":"https:\/\/slagalica.nsk.hr\/en\/wp-json\/wp\/v2\/pages\/652\/"}],"collection":[{"href":"https:\/\/slagalica.nsk.hr\/en\/wp-json\/wp\/v2\/pages\/"}],"about":[{"href":"https:\/\/slagalica.nsk.hr\/en\/wp-json\/wp\/v2\/types\/page\/"}],"author":[{"embeddable":true,"href":"https:\/\/slagalica.nsk.hr\/en\/wp-json\/wp\/v2\/users\/4\/"}],"replies":[{"embeddable":true,"href":"https:\/\/slagalica.nsk.hr\/en\/wp-json\/wp\/v2\/comments\/?post=652"}],"version-history":[{"count":2,"href":"https:\/\/slagalica.nsk.hr\/en\/wp-json\/wp\/v2\/pages\/652\/revisions\/"}],"predecessor-version":[{"id":660,"href":"https:\/\/slagalica.nsk.hr\/en\/wp-json\/wp\/v2\/pages\/652\/revisions\/660\/"}],"wp:attachment":[{"href":"https:\/\/slagalica.nsk.hr\/en\/wp-json\/wp\/v2\/media\/?parent=652"}],"curies":[{"name":"wp","href":"https:\/\/api.w.org\/{rel}","templated":true}]}}